{"id":1402,"date":"2024-11-19T16:00:28","date_gmt":"2024-11-19T21:00:28","guid":{"rendered":"https:\/\/centaurina.co\/product\/collar-radiant\/"},"modified":"2025-02-10T11:45:27","modified_gmt":"2025-02-10T16:45:27","slug":"collar-radiant","status":"publish","type":"product","link":"https:\/\/centaurina.co\/en\/product\/collar-radiant\/","title":{"rendered":"Radiant Necklace"},"content":{"rendered":"<ul>\n<li>The Necklace Radiant is an exceptional piece that radiates elegance and strength.<\/li>\n<li>Presenta un hermoso granate en corte trillion, dise\u00f1ado para captar la luz y resaltar su intenso color rojo profundo.<\/li>\n<li>Asociado con el chakra ra\u00edz, el granate promueve la confianza y la determinaci\u00f3n, infundiendo energ\u00eda que inspira creatividad y pasi\u00f3n.<\/li>\n<li>Gem: Garnet high quality<\/li>\n<\/ul>","protected":false},"excerpt":{"rendered":"<ul>\n<li>The Necklace Radiant is an exceptional piece that radiates elegance and strength.<\/li>\n<li>Hecho a mano en Plata Ley 950.<\/li>\n<\/ul>","protected":false},"featured_media":2189,"comment_status":"closed","ping_status":"closed","template":"","meta":[],"product_brand":[],"product_cat":[78],"product_tag":[82],"class_list":{"0":"post-1402","1":"product","2":"type-product","3":"status-publish","4":"has-post-thumbnail","6":"product_cat-collares","7":"product_tag-ignea","9":"first","10":"instock","11":"shipping-taxable","12":"purchasable","13":"product-type-simple"},"_links":{"self":[{"href":"https:\/\/centaurina.co\/en\/wp-json\/wp\/v2\/product\/1402","targetHints":{"allow":["GET"]}}],"collection":[{"href":"https:\/\/centaurina.co\/en\/wp-json\/wp\/v2\/product"}],"about":[{"href":"https:\/\/centaurina.co\/en\/wp-json\/wp\/v2\/types\/product"}],"replies":[{"embeddable":true,"href":"https:\/\/centaurina.co\/en\/wp-json\/wp\/v2\/comments?post=1402"}],"version-history":[{"count":0,"href":"https:\/\/centaurina.co\/en\/wp-json\/wp\/v2\/product\/1402\/revisions"}],"wp:featuredmedia":[{"embeddable":true,"href":"https:\/\/centaurina.co\/en\/wp-json\/wp\/v2\/media\/2189"}],"wp:attachment":[{"href":"https:\/\/centaurina.co\/en\/wp-json\/wp\/v2\/media?parent=1402"}],"wp:term":[{"taxonomy":"product_brand","embeddable":true,"href":"https:\/\/centaurina.co\/en\/wp-json\/wp\/v2\/product_brand?post=1402"},{"taxonomy":"product_cat","embeddable":true,"href":"https:\/\/centaurina.co\/en\/wp-json\/wp\/v2\/product_cat?post=1402"},{"taxonomy":"product_tag","embeddable":true,"href":"https:\/\/centaurina.co\/en\/wp-json\/wp\/v2\/product_tag?post=1402"}],"curies":[{"name":"wp","href":"https:\/\/api.w.org\/{rel}","templated":true}]}}