{"id":892,"date":"2019-09-13T08:20:42","date_gmt":"2019-09-13T08:20:42","guid":{"rendered":"https:\/\/skudmart.la-studioweb.com\/?page_id=892"},"modified":"2024-12-05T15:39:53","modified_gmt":"2024-12-05T20:39:53","slug":"about-us","status":"publish","type":"page","link":"https:\/\/centaurina.co\/en\/about-us\/","title":{"rendered":"Sobre Centaurina"},"content":{"rendered":"<div data-elementor-type=\"wp-page\" data-elementor-id=\"892\" class=\"elementor elementor-892\">\n\t\t\t\t\t\t<div class=\"elementor-section elementor-top-section elementor-element elementor-element-a03fd56 elementor-section-full_width elementor-reverse-mobile elementor-section-height-default elementor-section-height-default\" data-id=\"a03fd56\" data-element_type=\"section\">\n\t\t\t\t\t\t<div class=\"elementor-container elementor-column-gap-no\">\n\t\t\t\t\t<div class=\"elementor-column elementor-col-50 elementor-top-column elementor-element elementor-element-b3d74a5\" data-id=\"b3d74a5\" data-element_type=\"column\">\n\t\t\t<div class=\"elementor-widget-wrap elementor-element-populated\">\n\t\t\t\t\t\t<div class=\"elementor-element elementor-element-16abc82 elementor-widget__width-initial elementor-widget elementor-widget-spacer\" data-id=\"16abc82\" data-element_type=\"widget\" data-widget_type=\"spacer.default\">\n\t\t\t\t\t\t\t<div class=\"elementor-spacer\">\n\t\t\t<div class=\"elementor-spacer-inner\"><\/div>\n\t\t<\/div>\n\t\t\t\t\t\t<\/div>\n\t\t\t\t<div class=\"elementor-element elementor-element-2f92ee1 elementor-widget__width-auto elementor-absolute elementor-widget elementor-widget-image\" data-id=\"2f92ee1\" data-element_type=\"widget\" data-settings=\"{&quot;_position&quot;:&quot;absolute&quot;}\" data-widget_type=\"image.default\">\n\t\t\t\t\t\t\t\t\t\t\t\t\t\t\t<img decoding=\"async\" src=\"https:\/\/centaurina.co\/wp-content\/uploads\/elementor\/thumbs\/ok-somos-qxmszbr31sns7167ihyd44lnsoy4wj1qc6roolauwg.png\" title=\"ok-somos\" alt=\"ok-somos\" loading=\"lazy\" \/>\t\t\t\t\t\t\t\t\t\t\t\t\t\t\t<\/div>\n\t\t\t\t\t<\/div>\n\t\t<\/div>\n\t\t\t\t<div class=\"elementor-column elementor-col-50 elementor-top-column elementor-element elementor-element-a23a8a9\" data-id=\"a23a8a9\" data-element_type=\"column\">\n\t\t\t<div class=\"elementor-widget-wrap elementor-element-populated\">\n\t\t\t\t\t\t<div class=\"elementor-element elementor-element-4099d77 elementor-widget__width-initial elementor-widget elementor-widget-heading\" data-id=\"4099d77\" data-element_type=\"widget\" data-widget_type=\"heading.default\">\n\t\t\t\t\t<h2 class=\"elementor-heading-title elementor-size-default\">el Arte de tu alquimia interior<\/h2>\t\t\t\t<\/div>\n\t\t\t\t<div class=\"elementor-element elementor-element-a149d81 elementor-widget elementor-widget-text-editor\" data-id=\"a149d81\" data-element_type=\"widget\" data-widget_type=\"text-editor.default\">\n\t\t\t\t\t\t\t\t\t<p>En el coraz\u00f3n de cada joya CENTAURINA reside una historia \u00fanica, tejida con los hilos m\u00e1gicos de la cristaloterapia. En un mundo lleno de movimiento y desaf\u00edos diarios, nuestras creaciones te mueven a reconectar con tu ser interior.<\/p><p>En CENTAURINA fusionamos la antigua sabidur\u00eda de las gemas con el arte para crear piezas que no solo adornan, sino que tambi\u00e9n nutren tu esp\u00edritu. <br \/>Cada piedra es cuidadosamente seleccionada y cuenta una historia milenaria. Desde el resplandor calmante de la amatista hasta la energ\u00eda revitalizante del cuarzo rosa, nuestras joyas no son solo accesorios; son conductos de energ\u00eda positiva que act\u00faan como AMULETOS Y TALISMANES.<\/p><p>En el proceso de dise\u00f1o, nos sumergimos en la magia ancestral de cada piedra, infundiendo intenciones de amor, equilibrio y fortaleza en cada detalle. Cada joya es \u00fanica y est\u00e1 imbuida con la esencia misma de la tierra.<\/p><p>Nuestro compromiso va m\u00e1s all\u00e1 de la moda; es una invitaci\u00f3n a un viaje de autodescubrimiento y curaci\u00f3n. \u00danete a nosotros mientras conocemos el inexplorado territorio de tu ser, donde la magia de las piedras preciosas se convierte en espejos de tu propia alquimia interior.<br \/>Bienvenidos a CENTAURINA\u2014 donde la verdadera joya eres t\u00fa.<\/p>\t\t\t\t\t\t\t\t<\/div>\n\t\t\t\t\t<\/div>\n\t\t<\/div>\n\t\t\t\t\t<\/div>\n\t\t<\/div>\n\t\t\t\t<div class=\"elementor-section elementor-top-section elementor-element elementor-element-d2988ba elementor-section-full_width elementor-section-content-middle elementor-section-height-default elementor-section-height-default\" data-id=\"d2988ba\" data-element_type=\"section\">\n\t\t\t\t\t\t<div class=\"elementor-container elementor-column-gap-no\">\n\t\t\t\t\t<div class=\"elementor-column elementor-col-50 elementor-top-column elementor-element elementor-element-16ded03\" data-id=\"16ded03\" data-element_type=\"column\">\n\t\t\t<div class=\"elementor-widget-wrap elementor-element-populated\">\n\t\t\t\t\t\t<div class=\"elementor-element elementor-element-64f5c27 elementor-widget__width-initial elementor-widget elementor-widget-heading\" data-id=\"64f5c27\" data-element_type=\"widget\" data-widget_type=\"heading.default\">\n\t\t\t\t\t<h2 class=\"elementor-heading-title elementor-size-default\">TERRENA: <\/h2>\t\t\t\t<\/div>\n\t\t\t\t<div class=\"elementor-element elementor-element-1cdbf59 elementor-widget elementor-widget-text-editor\" data-id=\"1cdbf59\" data-element_type=\"widget\" data-widget_type=\"text-editor.default\">\n\t\t\t\t\t\t\t\t\t<p>La colecci\u00f3n Terrena nace del coraz\u00f3n de la tierra, fusionando su energ\u00eda ancestral con la belleza de piedras preciosas como la crisocolla, la amatista y la esmeralda. Cada pieza captura la estabilidad y la serenidad del elemento tierra, inspirada en sus colores profundos y texturas naturales.<\/p><p>\u2022 <strong>Crisocolla:<\/strong> Simboliza el equilibrio y la calma, conectando a quien la porta con la esencia de la tierra y el agua.<br \/>\u2022 <strong>Amatista:<\/strong> Una piedra de protecci\u00f3n y espiritualidad, que enriquece cada dise\u00f1o con su color violeta majestuoso y su conexi\u00f3n con lo divino.<br \/>\u2022 <strong>Esmeralda:<\/strong> El emblema de la regeneraci\u00f3n y la prosperidad, vibrando con el verde intenso de la vida misma.<\/p><p><br \/>Esta colecci\u00f3n est\u00e1 dise\u00f1ada para mujeres que buscan enraizarse en su autenticidad, usando la energ\u00eda de la tierra para inspirar su camino.<\/p>\t\t\t\t\t\t\t\t<\/div>\n\t\t\t\t\t<\/div>\n\t\t<\/div>\n\t\t\t\t<div class=\"elementor-column elementor-col-50 elementor-top-column elementor-element elementor-element-11b5ff4\" data-id=\"11b5ff4\" data-element_type=\"column\">\n\t\t\t<div class=\"elementor-widget-wrap elementor-element-populated\">\n\t\t\t\t\t\t<div class=\"elementor-element elementor-element-5789a2e elementor-widget elementor-widget-video\" data-id=\"5789a2e\" data-element_type=\"widget\" data-settings=\"{&quot;video_type&quot;:&quot;hosted&quot;,&quot;controls&quot;:&quot;yes&quot;}\" data-widget_type=\"video.default\">\n\t\t\t\t\t\t\t<div class=\"e-hosted-video elementor-wrapper elementor-open-inline\">\n\t\t\t\t\t<video class=\"elementor-video\" src=\"https:\/\/centaurina.co\/wp-content\/uploads\/2024\/11\/banner4.mp4\" controls=\"\" preload=\"metadata\" controlslist=\"nodownload\" poster=\"https:\/\/centaurina.co\/wp-content\/uploads\/2024\/11\/A1_05637-Editada.jpg\"><\/video>\n\t\t\t\t<\/div>\n\t\t\t\t\t\t<\/div>\n\t\t\t\t\t<\/div>\n\t\t<\/div>\n\t\t\t\t\t<\/div>\n\t\t<\/div>\n\t\t\t\t<div class=\"elementor-section elementor-top-section elementor-element elementor-element-a4b9ad1 elementor-section-full_width elementor-reverse-mobile elementor-section-height-default elementor-section-height-default\" data-id=\"a4b9ad1\" data-element_type=\"section\">\n\t\t\t\t\t\t<div class=\"elementor-container elementor-column-gap-no\">\n\t\t\t\t\t<div class=\"elementor-column elementor-col-50 elementor-top-column elementor-element elementor-element-a448c08\" data-id=\"a448c08\" data-element_type=\"column\">\n\t\t\t<div class=\"elementor-widget-wrap elementor-element-populated\">\n\t\t\t\t\t\t<div class=\"elementor-element elementor-element-4af3b27 elementor-widget elementor-widget-video\" data-id=\"4af3b27\" data-element_type=\"widget\" data-settings=\"{&quot;video_type&quot;:&quot;hosted&quot;,&quot;controls&quot;:&quot;yes&quot;}\" data-widget_type=\"video.default\">\n\t\t\t\t\t\t\t<div class=\"e-hosted-video elementor-wrapper elementor-open-inline\">\n\t\t\t\t\t<video class=\"elementor-video\" src=\"https:\/\/centaurina.co\/wp-content\/uploads\/2024\/11\/banner3.mp4\" controls=\"\" preload=\"metadata\" controlslist=\"nodownload\"><\/video>\n\t\t\t\t<\/div>\n\t\t\t\t\t\t<\/div>\n\t\t\t\t\t<\/div>\n\t\t<\/div>\n\t\t\t\t<div class=\"elementor-column elementor-col-50 elementor-top-column elementor-element elementor-element-888fa80\" data-id=\"888fa80\" data-element_type=\"column\">\n\t\t\t<div class=\"elementor-widget-wrap elementor-element-populated\">\n\t\t\t\t\t\t<div class=\"elementor-element elementor-element-b8d7155 elementor-widget__width-initial elementor-widget elementor-widget-heading\" data-id=\"b8d7155\" data-element_type=\"widget\" data-widget_type=\"heading.default\">\n\t\t\t\t\t<h2 class=\"elementor-heading-title elementor-size-default\">\u00cdGNEA:<\/h2>\t\t\t\t<\/div>\n\t\t\t\t<div class=\"elementor-element elementor-element-3c7372c elementor-widget elementor-widget-text-editor\" data-id=\"3c7372c\" data-element_type=\"widget\" data-widget_type=\"text-editor.default\">\n\t\t\t\t\t\t\t\t\t<p>La Colecci\u00f3n \u00cdgnea nace en la celebraci\u00f3n del elemento fuego, donde cada pieza irradia calidez, energ\u00eda y vitalidad. Inspirada en la fuerza ardiente de este elemento, esta colecci\u00f3n destaca el uso de granate y piedra de sol, dos gemas poderosas que representan el ardor y la luminosidad de la vida.<\/p><p>\u2022 <strong>Granate:<\/strong> Esta piedra preciosa es conocida por su capacidad para revitalizar y energizar. Asociada con el chakra ra\u00edz, el granate estimula la confianza y la determinaci\u00f3n, permitiendo que quien lo lleva se conecte con sus pasiones m\u00e1s profundas. Es una piedra que fomenta la creatividad y la abundancia, ayudando a manifestar deseos y proyectos.<br \/>\u2022 <strong>Piedra de Sol:<\/strong> Con su brillo radiante y c\u00e1lido, la piedra de sol es un s\u00edmbolo de alegr\u00eda y optimismo. Su conexi\u00f3n con el chakra sacro permite un flujo energ\u00e9tico que promueve la creatividad, la autoexpresi\u00f3n y la conexi\u00f3n con la felicidad interior. Esta gema irradia una energ\u00eda vibrante, ideal para quienes buscan encender su luz interior y atraer la abundancia.<\/p><p>Cada pieza de la Colecci\u00f3n \u00cdgnea est\u00e1 dise\u00f1ada para resonar con la energ\u00eda del fuego, invitando a la pasi\u00f3n y la vitalidad a tu vida. Ya sea que busques un accesorio para expresar tu individualidad o un regalo que inspire a quienes amas, esta colecci\u00f3n ofrece joyas que son tanto bellas como energ\u00e9ticamente potentes.<\/p><p>Atr\u00e9vete a brillar con la Colecci\u00f3n \u00cdgnea y deja que la energ\u00eda del fuego encienda tu esp\u00edritu.<\/p>\t\t\t\t\t\t\t\t<\/div>\n\t\t\t\t\t<\/div>\n\t\t<\/div>\n\t\t\t\t\t<\/div>\n\t\t<\/div>\n\t\t\t\t<div class=\"elementor-section elementor-top-section elementor-element elementor-element-3ed048d elementor-section-full_width elementor-section-content-middle elementor-section-height-default elementor-section-height-default\" data-id=\"3ed048d\" data-element_type=\"section\">\n\t\t\t\t\t\t<div class=\"elementor-container elementor-column-gap-no\">\n\t\t\t\t\t<div class=\"elementor-column elementor-col-50 elementor-top-column elementor-element elementor-element-cc96815\" data-id=\"cc96815\" data-element_type=\"column\">\n\t\t\t<div class=\"elementor-widget-wrap elementor-element-populated\">\n\t\t\t\t\t\t<div class=\"elementor-element elementor-element-778baff elementor-widget__width-initial elementor-widget elementor-widget-heading\" data-id=\"778baff\" data-element_type=\"widget\" data-widget_type=\"heading.default\">\n\t\t\t\t\t<h2 class=\"elementor-heading-title elementor-size-default\">ONDINA<\/h2>\t\t\t\t<\/div>\n\t\t\t\t<div class=\"elementor-element elementor-element-fc5017e elementor-widget elementor-widget-text-editor\" data-id=\"fc5017e\" data-element_type=\"widget\" data-widget_type=\"text-editor.default\">\n\t\t\t\t\t\t\t\t\t<p>La colecci\u00f3n Ondina nace de la serenidad y el poder del agua. Cada pieza est\u00e1 dise\u00f1ada para reflejar la fluidez, la calma y la adaptabilidad que este elemento evoca, utilizando materiales nobles como la plata ley 950, turquesa y perlas, que combinan lo natural con lo sofisticado.<\/p><p><strong>\u2022 Turquesa:<\/strong> Esta piedra preciosa es un s\u00edmbolo de protecci\u00f3n y equilibrio emocional, conectada con el chakra de la garganta. La turquesa ayuda a expresar la verdad interior, fomentando una comunicaci\u00f3n clara y sincera. Adem\u00e1s, su energ\u00eda calmante proporciona tranquilidad y bienestar, ayudando a quienes la llevan a fluir con la vida.<br \/>\u2022 <strong>Perlas:<\/strong> Con su suavidad y luminosidad natural, las perlas est\u00e1n asociadas al agua por su origen marino. Conectadas tambi\u00e9n con el chakra de la corona, las perlas simbolizan la pureza, la intuici\u00f3n y la claridad mental. Llevarlas aporta una sensaci\u00f3n de serenidad y gracia, promoviendo una conexi\u00f3n m\u00e1s profunda con las emociones y el equilibrio interno.<\/p><p>Cada pieza de la Colecci\u00f3n Ondina est\u00e1 dise\u00f1ada para invocar el esp\u00edritu del agua, ideal para quienes buscan accesorios que irradien calma, elegancia y conexi\u00f3n con sus emociones.<br \/>Explora la fluidez de la vida con la Colecci\u00f3n Oce\u00e1nica y deja que la energ\u00eda del agua te gu\u00ede en cada paso.<\/p>\t\t\t\t\t\t\t\t<\/div>\n\t\t\t\t\t<\/div>\n\t\t<\/div>\n\t\t\t\t<div class=\"elementor-column elementor-col-50 elementor-top-column elementor-element elementor-element-939be71\" data-id=\"939be71\" data-element_type=\"column\">\n\t\t\t<div class=\"elementor-widget-wrap elementor-element-populated\">\n\t\t\t\t\t\t<div class=\"elementor-element elementor-element-355d2f1 elementor-widget elementor-widget-video\" data-id=\"355d2f1\" data-element_type=\"widget\" data-settings=\"{&quot;video_type&quot;:&quot;hosted&quot;,&quot;controls&quot;:&quot;yes&quot;}\" data-widget_type=\"video.default\">\n\t\t\t\t\t\t\t<div class=\"e-hosted-video elementor-wrapper elementor-open-inline\">\n\t\t\t\t\t<video class=\"elementor-video\" src=\"https:\/\/centaurina.co\/wp-content\/uploads\/2024\/11\/banner.mp4\" controls=\"\" preload=\"metadata\" controlslist=\"nodownload\"><\/video>\n\t\t\t\t<\/div>\n\t\t\t\t\t\t<\/div>\n\t\t\t\t\t<\/div>\n\t\t<\/div>\n\t\t\t\t\t<\/div>\n\t\t<\/div>\n\t\t\t\t<div class=\"elementor-section elementor-top-section elementor-element elementor-element-21957aa elementor-section-full_width elementor-reverse-mobile elementor-section-height-default elementor-section-height-default\" data-id=\"21957aa\" data-element_type=\"section\">\n\t\t\t\t\t\t<div class=\"elementor-container elementor-column-gap-no\">\n\t\t\t\t\t<div class=\"elementor-column elementor-col-50 elementor-top-column elementor-element elementor-element-e668f4c\" data-id=\"e668f4c\" data-element_type=\"column\">\n\t\t\t<div class=\"elementor-widget-wrap elementor-element-populated\">\n\t\t\t\t\t\t<div class=\"elementor-element elementor-element-be54f2d elementor-widget elementor-widget-video\" data-id=\"be54f2d\" data-element_type=\"widget\" data-settings=\"{&quot;video_type&quot;:&quot;hosted&quot;,&quot;controls&quot;:&quot;yes&quot;}\" data-widget_type=\"video.default\">\n\t\t\t\t\t\t\t<div class=\"e-hosted-video elementor-wrapper elementor-open-inline\">\n\t\t\t\t\t<video class=\"elementor-video\" src=\"https:\/\/centaurina.co\/wp-content\/uploads\/2024\/11\/banner2.mp4\" controls=\"\" preload=\"metadata\" controlslist=\"nodownload\"><\/video>\n\t\t\t\t<\/div>\n\t\t\t\t\t\t<\/div>\n\t\t\t\t\t<\/div>\n\t\t<\/div>\n\t\t\t\t<div class=\"elementor-column elementor-col-50 elementor-top-column elementor-element elementor-element-d87c27e\" data-id=\"d87c27e\" data-element_type=\"column\">\n\t\t\t<div class=\"elementor-widget-wrap elementor-element-populated\">\n\t\t\t\t\t\t<div class=\"elementor-element elementor-element-11f8353 elementor-widget__width-initial elementor-widget elementor-widget-heading\" data-id=\"11f8353\" data-element_type=\"widget\" data-widget_type=\"heading.default\">\n\t\t\t\t\t<h2 class=\"elementor-heading-title elementor-size-default\">AURA:<\/h2>\t\t\t\t<\/div>\n\t\t\t\t<div class=\"elementor-element elementor-element-6c80b45 elementor-widget elementor-widget-text-editor\" data-id=\"6c80b45\" data-element_type=\"widget\" data-widget_type=\"text-editor.default\">\n\t\t\t\t\t\t\t\t\t<p>La colecci\u00f3n nace de la esencia et\u00e9rea del aire. Cada creaci\u00f3n utiliza la m\u00e1gica piedra luna y la fascinante labradorita, piedras que reflejan los tonos cambiantes del cielo y la luz.<\/p><p><br \/>\u2022 <strong>Piedra Luna:<\/strong> conocida por su energ\u00eda suave y luminosa, conecta con el chakra coronario, ayudando a despertar la intuici\u00f3n y la espiritualidad. Por otro lado,<br \/>\u2022 <strong>Labradorita:<\/strong> es una piedra m\u00edstica que se relaciona con el chakra del tercer ojo, promoviendo la claridad mental y la expansi\u00f3n de la conciencia, como las corrientes de aire que nos rodean.<\/p><p><br \/>Cada dise\u00f1o est\u00e1 inspirado en las formas y movimientos del viento, evocando una sensaci\u00f3n de libertad, cambio y posibilidades infinitas. Con l\u00edneas delicadas y estructuras org\u00e1nicas, estas piezas te permitir\u00e1n sentirte conectada con los cielos, elevando tu energ\u00eda a nuevas alturas.<\/p>\t\t\t\t\t\t\t\t<\/div>\n\t\t\t\t\t<\/div>\n\t\t<\/div>\n\t\t\t\t\t<\/div>\n\t\t<\/div>\n\t\t\t\t<\/div>","protected":false},"excerpt":{"rendered":"<p>\/*! elementor &#8211; v3.23.0 &#8211; 23-07-2024 *\/ .elementor-column .elementor-spacer-inner{height:var(&#8211;spacer-size)}.e-con{&#8211;container-widget-width:100%}.e-con-inner&gt;.elementor-widget-spacer,.e-con&gt;.elementor-widget-spacer{width:var(&#8211;container-widget-width,var(&#8211;spacer-size));&#8211;align-self:var(&#8211;container-widget-align-self,initial);&#8211;flex-shrink:0}.e-con-inner&gt;.elementor-widget-spacer&gt;.elementor-widget-container,.e-con&gt;.elementor-widget-spacer&gt;.elementor-widget-container{height:100%;width:100%}.e-con-inner&gt;.elementor-widget-spacer&gt;.elementor-widget-container&gt;.elementor-spacer,.e-con&gt;.elementor-widget-spacer&gt;.elementor-widget-container&gt;.elementor-spacer{height:100%}.e-con-inner&gt;.elementor-widget-spacer&gt;.elementor-widget-container&gt;.elementor-spacer&gt;.elementor-spacer-inner,.e-con&gt;.elementor-widget-spacer&gt;.elementor-widget-container&gt;.elementor-spacer&gt;.elementor-spacer-inner{height:var(&#8211;container-widget-height,var(&#8211;spacer-size))}.e-con-inner&gt;.elementor-widget-spacer.elementor-widget-empty,.e-con&gt;.elementor-widget-spacer.elementor-widget-empty{position:relative;min-height:22px;min-width:22px}.e-con-inner&gt;.elementor-widget-spacer.elementor-widget-empty .elementor-widget-empty-icon,.e-con&gt;.elementor-widget-spacer.elementor-widget-empty .elementor-widget-empty-icon{position:absolute;top:0;bottom:0;left:0;right:0;margin:auto;padding:0;width:22px;height:22px} \/*! elementor &#8211; v3.23.0 &#8211; 23-07-2024 *\/ .elementor-widget-image{text-align:center}.elementor-widget-image a{display:inline-block}.elementor-widget-image a img[src$=&#8221;.svg&#8221;]{width:48px}.elementor-widget-image img{vertical-align:middle;display:inline-block} \/*! elementor &#8211; v3.23.0 &#8211; 23-07-2024 *\/ .elementor-heading-title{padding:0;margin:0;line-height:1}.elementor-widget-heading .elementor-heading-title[class*=elementor-size-]&gt;a{color:inherit;font-size:inherit;line-height:inherit}.elementor-widget-heading .elementor-heading-title.elementor-size-small{font-size:15px}.elementor-widget-heading .elementor-heading-title.elementor-size-medium{font-size:19px}.elementor-widget-heading [&hellip;]<\/p>","protected":false},"author":1,"featured_media":0,"parent":0,"menu_order":0,"comment_status":"closed","ping_status":"closed","template":"","meta":{"footnotes":""},"class_list":["post-892","page","type-page","status-publish","hentry"],"_links":{"self":[{"href":"https:\/\/centaurina.co\/en\/wp-json\/wp\/v2\/pages\/892","targetHints":{"allow":["GET"]}}],"collection":[{"href":"https:\/\/centaurina.co\/en\/wp-json\/wp\/v2\/pages"}],"about":[{"href":"https:\/\/centaurina.co\/en\/wp-json\/wp\/v2\/types\/page"}],"author":[{"embeddable":true,"href":"https:\/\/centaurina.co\/en\/wp-json\/wp\/v2\/users\/1"}],"replies":[{"embeddable":true,"href":"https:\/\/centaurina.co\/en\/wp-json\/wp\/v2\/comments?post=892"}],"version-history":[{"count":20,"href":"https:\/\/centaurina.co\/en\/wp-json\/wp\/v2\/pages\/892\/revisions"}],"predecessor-version":[{"id":2264,"href":"https:\/\/centaurina.co\/en\/wp-json\/wp\/v2\/pages\/892\/revisions\/2264"}],"wp:attachment":[{"href":"https:\/\/centaurina.co\/en\/wp-json\/wp\/v2\/media?parent=892"}],"curies":[{"name":"wp","href":"https:\/\/api.w.org\/{rel}","templated":true}]}}